{"id":200,"date":"2012-04-26T19:21:32","date_gmt":"2012-04-26T17:21:32","guid":{"rendered":"http:\/\/laju-merdingen.de\/?page_id=200"},"modified":"2020-02-04T15:00:29","modified_gmt":"2020-02-04T13:00:29","slug":"chronik","status":"publish","type":"page","link":"http:\/\/laju-merdingen.de\/?page_id=200","title":{"rendered":"&#x1f4fd; Chronik"},"content":{"rendered":"<p><strong>Landjugend Merdingen fr\u00fcher und heute <\/strong><\/p>\n<p>Derzeit sind wir ca. 25 aktive Mitglieder, unser Gruppenabend findet immer Mittwochs um 19.30 Uhr in unserem Gruppenraum in Merdingen in der Rittgasse statt.<\/p>\n<p>An unseren Gruppenabenden (wie Ihr aus dem <a href=\"http:\/\/laju-merdingen.de\/?page_id=857\">PL\u00c4NLE<\/a> entnehmen k\u00f6nnt) sind wir immer aktiv, sei es im Gruppenraum oder au\u00dferhalb, zum Beispiel zum GoKart fahren, Bowlen oder bei einer Wanderung.<\/p>\n<p>Die Landjugend Merdingen ist aus der Jungbauernschaft hervorgegangen, die im Jahr 1922 gegr\u00fcndet wurde. Anlass f\u00fcr die Gr\u00fcndung war die schlimme Wirtschaftslage nach dem 1. Weltkrieg, die die jungen Bauern anregte, selbst etwas gegen die N\u00f6te der Zeit zu unternehmen. Das bedeutet, es ging zun\u00e4chst um berufliche Perspektiven und nicht in erster Linie um eine sinnvolle Freizeitgestaltung.<\/p>\n<p>Wichtige Inhalte und Aktivit\u00e4ten waren die Einrichtung der Fachb\u00fccherei, Kurse zur beruflichen Fortbildung, die Rebveredlung, die Pflege des Soldatenfriedhofs in Heilig Kreuz im Elsass (aus der sp\u00e4ter freundschaftliche Verbindungen und eine Verschwisterung der beiden Gemeinden entstanden) und der Aufbau eines Maschinenrings (wo Mitglieder landwirtschaftliche Maschinen ausleihen konnten anstatt sie selbst anschaffen zu m\u00fcssen). Daneben waren auch viele gesellige und unterhaltende Aktivit\u00e4ten zu verzeichnen (Erntedank- und Trachtenfeste, Dorfabende mit Theaterauff\u00fchrungen, Teilnahme am \u201eSpiel ohne Grenzen\u201c).<\/p>\n<p>Im sogenannten Dritten Reich wurde die Jungbauernschaft aufgel\u00f6st (alle nicht nationalsozialistischen Verb\u00e4nde wurden unterdr\u00fcckt) und im Jahr 1949 wieder gegr\u00fcndet. Die Landjugend Merdingen ist au\u00dferdem die \u00e4lteste Ortsgruppe des Bundes Badischer Landjugend, der erst im Jahre 1950 gegr\u00fcndet wurde. Inzwischen ist aus dem berufsst\u00e4ndisch orientieren Zusammenschluss von Bauern eine Institution geworden, die mit zahlreichen Aktivit\u00e4ten junge Menschen anspricht und auch durch Eigeninitiative, Freude an der Gemeinschaft eine sinnvolle Freizeitgestaltung und Jugendarbeit zum Ziel hat.<\/p>\n<p><a href=\"http:\/\/laju-merdingen.de\/wp-content\/uploads\/2018\/08\/MLEO4922.jpg\"><img loading=\"lazy\" decoding=\"async\" class=\"alignnone wp-image-1067\" src=\"http:\/\/laju-merdingen.de\/wp-content\/uploads\/2018\/08\/MLEO4922-300x225.jpg\" alt=\"\" width=\"471\" height=\"357\" \/><\/a><\/p>\n","protected":false},"excerpt":{"rendered":"<p>Landjugend Merdingen fr\u00fcher und heute Derzeit sind wir ca. 25 aktive Mitglieder, unser Gruppenabend findet immer Mittwochs um 19.30 Uhr in unserem Gruppenraum in Merdingen in der Rittgasse statt. An unseren Gruppenabenden (wie Ihr aus dem PL\u00c4NLE entnehmen k\u00f6nnt) sind &hellip; <a href=\"http:\/\/laju-merdingen.de\/?page_id=200\">Weiterlesen <span class=\"meta-nav\">&rarr;<\/span><\/a><\/p>\n","protected":false},"author":1,"featured_media":0,"parent":0,"menu_order":2,"comment_status":"open","ping_status":"open","template":"","meta":{"footnotes":""},"class_list":["post-200","page","type-page","status-publish","hentry"],"_links":{"self":[{"href":"http:\/\/laju-merdingen.de\/index.php?rest_route=\/wp\/v2\/pages\/200","targetHints":{"allow":["GET"]}}],"collection":[{"href":"http:\/\/laju-merdingen.de\/index.php?rest_route=\/wp\/v2\/pages"}],"about":[{"href":"http:\/\/laju-merdingen.de\/index.php?rest_route=\/wp\/v2\/types\/page"}],"author":[{"embeddable":true,"href":"http:\/\/laju-merdingen.de\/index.php?rest_route=\/wp\/v2\/users\/1"}],"replies":[{"embeddable":true,"href":"http:\/\/laju-merdingen.de\/index.php?rest_route=%2Fwp%2Fv2%2Fcomments&post=200"}],"version-history":[{"count":9,"href":"http:\/\/laju-merdingen.de\/index.php?rest_route=\/wp\/v2\/pages\/200\/revisions"}],"predecessor-version":[{"id":1339,"href":"http:\/\/laju-merdingen.de\/index.php?rest_route=\/wp\/v2\/pages\/200\/revisions\/1339"}],"wp:attachment":[{"href":"http:\/\/laju-merdingen.de\/index.php?rest_route=%2Fwp%2Fv2%2Fmedia&parent=200"}],"curies":[{"name":"wp","href":"https:\/\/api.w.org\/{rel}","templated":true}]}}