{"id":228,"date":"2012-04-26T19:43:54","date_gmt":"2012-04-26T17:43:54","guid":{"rendered":"http:\/\/laju-merdingen.de\/?page_id=228"},"modified":"2025-12-10T17:58:30","modified_gmt":"2025-12-10T15:58:30","slug":"impressum","status":"publish","type":"page","link":"http:\/\/laju-merdingen.de\/?page_id=228","title":{"rendered":"&#x1f3e0; Impressum"},"content":{"rendered":"<p><strong>Landjugend Merdingen<\/strong><br \/>\nRittgasse 12<br \/>\nD-79291 Merdingen<\/p>\n<p><a href=\"http:\/\/www.laju-merdingen.de\">http:\/\/www.laju-merdingen.de<\/a><br \/>\nMail: <a href=\"mailto:info@laju-merdingen.de\">info@laju-merdingen.de<\/a><\/p>\n<p>Besucht uns auch auf Instagram um nichts zu verpassen unter <a href=\"https:\/\/www.instagram.com\/landjugendmerdingen\/?hl=de\">landjugendmerdingen<\/a><\/p>\n<p>Die<strong> Landjugend Merdingen<\/strong> im <strong>Bund Badischer Landjugend<\/strong> ist ein freier Zusammenschluss der Jugend des l\u00e4ndlichen Raumes.<\/p>\n<p><strong>Vorsitzende<\/strong><br \/>\nsiehe <a href=\"http:\/\/laju-merdingen.de\/?page_id=205\">Unser Vorstand<\/a><\/p>\n<p><strong>Verantwortlich f\u00fcr den Inhalt gem\u00e4\u00df \u00a75 DDG<\/strong><\/p>\n<p><strong>Rechtshinweise<\/strong><br \/>\nDas Landgericht Hamburg hat mit Urteil vom 12.05.1998 entschieden, dass man durch die Anbringung bzw. Ausbringung von Links, die Inhalte der gelinkten Seite ggf. mit zu verantworten hat. Dies kann &#8211; so das Landgericht Hamburg &#8211; nur dadurch verhindert werden, dass man sich ausdr\u00fccklich von den Inhalten der gelinkten Seiten, bzw. des gesamten Web&#8217;s distanziert. Wir haben auf unserer Homepage Links zu anderen Seiten im Internet angelegt.<br \/>\nF\u00fcr alle diese Links gilt: &#8222;Wir m\u00f6chten ausdr\u00fccklich betonen, dass wir keinerlei Einfluss auf die Gestaltung und Inhalte der gelinkten Webpages haben. Deshalb distanzieren wir uns hiermit ausdr\u00fccklich von allen Inhalten der gelinkten Webseiten auf unserer gesamten Website inklusive aller Unterseiten und deren Links. Diese Erkl\u00e4rung gilt f\u00fcr alle auf unserer Internetpr\u00e4senz ausgebrachten Links und f\u00fcr alle Inhalte der Seiten, zu denen Links, Banner oder sonstige Verkn\u00fcpfungen f\u00fchren&#8220;.<\/p>\n<p>Realisation und Pflege:<br \/>\n<strong>pbis media <\/strong><br \/>\nOswald Prucker<br \/>\n<a href=\"mailto:info@pbis.de\">info@pbis.de<\/a><br \/>\n<a href=\"http:\/\/pbis.de\" target=\"_blank\" rel=\"noopener noreferrer\">http:\/\/pbis.de<\/a><br \/>\n<a href=\"http:\/\/blog.pbis.de\/\" target=\"_blank\" rel=\"noopener noreferrer\">pbis Blog<\/a><\/p>\n<p>auf Basis von WordPress.<\/p>\n","protected":false},"excerpt":{"rendered":"<p>Landjugend Merdingen Rittgasse 12 D-79291 Merdingen http:\/\/www.laju-merdingen.de Mail: info@laju-merdingen.de Besucht uns auch auf Instagram um nichts zu verpassen unter landjugendmerdingen Die Landjugend Merdingen im Bund Badischer Landjugend ist ein freier Zusammenschluss der Jugend des l\u00e4ndlichen Raumes. Vorsitzende siehe Unser Vorstand &hellip; <a href=\"http:\/\/laju-merdingen.de\/?page_id=228\">Weiterlesen <span class=\"meta-nav\">&rarr;<\/span><\/a><\/p>\n","protected":false},"author":1,"featured_media":0,"parent":0,"menu_order":6,"comment_status":"open","ping_status":"open","template":"","meta":{"footnotes":""},"class_list":["post-228","page","type-page","status-publish","hentry"],"_links":{"self":[{"href":"http:\/\/laju-merdingen.de\/index.php?rest_route=\/wp\/v2\/pages\/228","targetHints":{"allow":["GET"]}}],"collection":[{"href":"http:\/\/laju-merdingen.de\/index.php?rest_route=\/wp\/v2\/pages"}],"about":[{"href":"http:\/\/laju-merdingen.de\/index.php?rest_route=\/wp\/v2\/types\/page"}],"author":[{"embeddable":true,"href":"http:\/\/laju-merdingen.de\/index.php?rest_route=\/wp\/v2\/users\/1"}],"replies":[{"embeddable":true,"href":"http:\/\/laju-merdingen.de\/index.php?rest_route=%2Fwp%2Fv2%2Fcomments&post=228"}],"version-history":[{"count":12,"href":"http:\/\/laju-merdingen.de\/index.php?rest_route=\/wp\/v2\/pages\/228\/revisions"}],"predecessor-version":[{"id":1456,"href":"http:\/\/laju-merdingen.de\/index.php?rest_route=\/wp\/v2\/pages\/228\/revisions\/1456"}],"wp:attachment":[{"href":"http:\/\/laju-merdingen.de\/index.php?rest_route=%2Fwp%2Fv2%2Fmedia&parent=228"}],"curies":[{"name":"wp","href":"https:\/\/api.w.org\/{rel}","templated":true}]}}